{"id":6805,"date":"2025-02-12T12:46:22","date_gmt":"2025-02-12T09:46:22","guid":{"rendered":"https:\/\/elika.app\/hamile-kadin-bebek\/?page_id=6805"},"modified":"2025-02-12T12:46:23","modified_gmt":"2025-02-12T09:46:23","slug":"deneme","status":"publish","type":"page","link":"https:\/\/elika.app\/hamile-kadin-bebek\/deneme\/","title":{"rendered":"deneme"},"content":{"rendered":"\n<figure class=\"wp-block-embed is-type-wp-embed is-provider-kad-n-hamile-bebek-bilgi-portal wp-block-embed-kad-n-hamile-bebek-bilgi-portal\"><div class=\"wp-block-embed__wrapper\">\n<blockquote class=\"wp-embedded-content\" data-secret=\"2c4un92EUq\"><a href=\"https:\/\/elika.app\/hamile-kadin-bebek\/2025\/02\/06\/evinizi-akillandirin-konfor-ve-guvenlik-icin-akilli-ev-sistemleri\/\">Evinizi Ak\u0131lland\u0131r\u0131n: Konfor ve G\u00fcvenlik \u0130\u00e7in Ak\u0131ll\u0131 Ev Sistemleri<\/a><\/blockquote><iframe loading=\"lazy\" class=\"wp-embedded-content\" sandbox=\"allow-scripts\" security=\"restricted\" style=\"position: absolute; visibility: hidden;\" title=\"&#8220;Evinizi Ak\u0131lland\u0131r\u0131n: Konfor ve G\u00fcvenlik \u0130\u00e7in Ak\u0131ll\u0131 Ev Sistemleri&#8221; &#8212; Kad\u0131n Hamile Bebek Bilgi Portal\u0131\" src=\"https:\/\/elika.app\/hamile-kadin-bebek\/2025\/02\/06\/evinizi-akillandirin-konfor-ve-guvenlik-icin-akilli-ev-sistemleri\/embed\/#?secret=jV1tQT61o7#?secret=2c4un92EUq\" data-secret=\"2c4un92EUq\" width=\"500\" height=\"282\" frameborder=\"0\" marginwidth=\"0\" marginheight=\"0\" scrolling=\"no\"><\/iframe>\n<\/div><\/figure>\n\n\n\n<figure class=\"wp-block-embed is-type-wp-embed is-provider-kad-n-hamile-bebek-bilgi-portal wp-block-embed-kad-n-hamile-bebek-bilgi-portal\"><div class=\"wp-block-embed__wrapper\">\nhttps:\/\/elika.app\/hamile-kadin-bebek\/2025\/02\/06\/evde-bakliyat-saklama-rehberi\/\n<\/div><\/figure>\n\n\n\n<figure class=\"wp-block-embed is-type-wp-embed is-provider-kad-n-hamile-bebek-bilgi-portal wp-block-embed-kad-n-hamile-bebek-bilgi-portal\"><div class=\"wp-block-embed__wrapper\">\n<blockquote class=\"wp-embedded-content\" data-secret=\"T0Hilb9bqo\"><a href=\"https:\/\/elika.app\/hamile-kadin-bebek\/2025\/02\/06\/bebek-bezi-annelerin-en-buyuk-harcamasi-tasarruf-etmenin-yollari\/\">Bebek Bezi: Annelerin En B\u00fcy\u00fck Harcamas\u0131! Tasarruf Etmenin Yollar\u0131<\/a><\/blockquote><iframe loading=\"lazy\" class=\"wp-embedded-content\" sandbox=\"allow-scripts\" security=\"restricted\" style=\"position: absolute; visibility: hidden;\" title=\"&#8220;Bebek Bezi: Annelerin En B\u00fcy\u00fck Harcamas\u0131! Tasarruf Etmenin Yollar\u0131&#8221; &#8212; Kad\u0131n Hamile Bebek Bilgi Portal\u0131\" src=\"https:\/\/elika.app\/hamile-kadin-bebek\/2025\/02\/06\/bebek-bezi-annelerin-en-buyuk-harcamasi-tasarruf-etmenin-yollari\/embed\/#?secret=KujjJsWi3y#?secret=T0Hilb9bqo\" data-secret=\"T0Hilb9bqo\" width=\"500\" height=\"282\" frameborder=\"0\" marginwidth=\"0\" marginheight=\"0\" scrolling=\"no\"><\/iframe>\n<\/div><\/figure>\n\n\n\n<figure class=\"wp-block-embed is-type-wp-embed is-provider-kad-n-hamile-bebek-bilgi-portal wp-block-embed-kad-n-hamile-bebek-bilgi-portal\"><div class=\"wp-block-embed__wrapper\">\n<blockquote class=\"wp-embedded-content\" data-secret=\"MQRIKOgijN\"><a href=\"https:\/\/elika.app\/hamile-kadin-bebek\/2025\/02\/06\/evde-sac-boyama-rehberi\/\">Evde Sa\u00e7 Boyama Rehberi<\/a><\/blockquote><iframe loading=\"lazy\" class=\"wp-embedded-content\" sandbox=\"allow-scripts\" security=\"restricted\" style=\"position: absolute; visibility: hidden;\" title=\"&#8220;Evde Sa\u00e7 Boyama Rehberi&#8221; &#8212; Kad\u0131n Hamile Bebek Bilgi Portal\u0131\" src=\"https:\/\/elika.app\/hamile-kadin-bebek\/2025\/02\/06\/evde-sac-boyama-rehberi\/embed\/#?secret=HVY2NI7IOR#?secret=MQRIKOgijN\" data-secret=\"MQRIKOgijN\" width=\"500\" height=\"282\" frameborder=\"0\" marginwidth=\"0\" marginheight=\"0\" scrolling=\"no\"><\/iframe>\n<\/div><\/figure>\n","protected":false},"excerpt":{"rendered":"","protected":false},"author":2,"featured_media":0,"parent":0,"menu_order":0,"comment_status":"closed","ping_status":"closed","template":"","meta":{"footnotes":""},"class_list":["post-6805","page","type-page","status-publish","hentry"],"_links":{"self":[{"href":"https:\/\/elika.app\/hamile-kadin-bebek\/wp-json\/wp\/v2\/pages\/6805","targetHints":{"allow":["GET"]}}],"collection":[{"href":"https:\/\/elika.app\/hamile-kadin-bebek\/wp-json\/wp\/v2\/pages"}],"about":[{"href":"https:\/\/elika.app\/hamile-kadin-bebek\/wp-json\/wp\/v2\/types\/page"}],"author":[{"embeddable":true,"href":"https:\/\/elika.app\/hamile-kadin-bebek\/wp-json\/wp\/v2\/users\/2"}],"replies":[{"embeddable":true,"href":"https:\/\/elika.app\/hamile-kadin-bebek\/wp-json\/wp\/v2\/comments?post=6805"}],"version-history":[{"count":2,"href":"https:\/\/elika.app\/hamile-kadin-bebek\/wp-json\/wp\/v2\/pages\/6805\/revisions"}],"predecessor-version":[{"id":6807,"href":"https:\/\/elika.app\/hamile-kadin-bebek\/wp-json\/wp\/v2\/pages\/6805\/revisions\/6807"}],"wp:attachment":[{"href":"https:\/\/elika.app\/hamile-kadin-bebek\/wp-json\/wp\/v2\/media?parent=6805"}],"curies":[{"name":"wp","href":"https:\/\/api.w.org\/{rel}","templated":true}]}}